{"id":7587,"date":"2025-08-26T08:26:55","date_gmt":"2025-08-26T08:26:55","guid":{"rendered":"https:\/\/www.manuelvzcorporate.com\/?page_id=7587"},"modified":"2025-08-27T09:06:56","modified_gmt":"2025-08-27T09:06:56","slug":"contact-manuel-vz","status":"publish","type":"page","link":"https:\/\/www.manuelvzcorporate.com\/en\/contact-manuel-vz\/","title":{"rendered":"Contact Manuel VZ"},"content":{"rendered":"<div data-elementor-type=\"wp-page\" data-elementor-id=\"7587\" class=\"elementor elementor-7587\">\n\t\t\t\t<div class=\"elementor-element elementor-element-ecw6323 e-flex e-con-boxed e-con e-parent\" data-id=\"ecw6323\" data-element_type=\"container\" data-settings=\"{&quot;background_background&quot;:&quot;classic&quot;}\">\n\t\t\t\t\t<div class=\"e-con-inner\">\n\t\t<div class=\"elementor-element elementor-element-2ebda9e e-con-full e-flex elementor-invisible e-con e-child\" data-id=\"2ebda9e\" data-element_type=\"container\" data-settings=\"{&quot;animation&quot;:&quot;lightSpeedIn&quot;}\">\n\t\t\t\t<div class=\"elementor-element elementor-element-9874375 elementor-widget elementor-widget-heading\" data-id=\"9874375\" data-element_type=\"widget\" data-widget_type=\"heading.default\">\n\t\t\t\t<div class=\"elementor-widget-container\">\n\t\t\t\t\t<h1 class=\"elementor-heading-title elementor-size-default\">Contact Manuel VZ\nGuaranteed response within 3 days<\/h1>\t\t\t\t<\/div>\n\t\t\t\t<\/div>\n\t\t\t\t<\/div>\n\t\t\t\t\t<\/div>\n\t\t\t\t<\/div>\n\t\t<div class=\"elementor-element elementor-element-ff1cc61 e-flex e-con-boxed e-con e-parent\" data-id=\"ff1cc61\" data-element_type=\"container\">\n\t\t\t\t\t<div class=\"e-con-inner\">\n\t\t\t\t<div class=\"elementor-element elementor-element-52c0859 elementor-widget elementor-widget-text-editor\" data-id=\"52c0859\" data-element_type=\"widget\" data-widget_type=\"text-editor.default\">\n\t\t\t\t<div class=\"elementor-widget-container\">\n\t\t\t\t\t\t\t\t\t<p>Ready to bring your projects to life with images that <strong>reflect your identity<\/strong> and <strong>enhance your events<\/strong> ? Contact me now using this form. I promise to get back to you. <strong>within 3 days<\/strong> to discuss your needs and offer you a solution <strong>100% personalized.<\/strong>Together, let's create visual memories that <strong>will mark your communication<\/strong> and will strengthen the impact of your brand.<\/p>\t\t\t\t\t\t\t\t<\/div>\n\t\t\t\t<\/div>\n\t\t\t\t\t<\/div>\n\t\t\t\t<\/div>\n\t\t<div class=\"elementor-element elementor-element-f5xvu8l e-flex e-con-boxed e-con e-parent\" data-id=\"f5xvu8l\" data-element_type=\"container\" data-settings=\"{&quot;background_background&quot;:&quot;classic&quot;}\">\n\t\t\t\t\t<div class=\"e-con-inner\">\n\t\t<div class=\"elementor-element elementor-element-a66cbff e-con-full e-flex e-con e-child\" data-id=\"a66cbff\" data-element_type=\"container\">\n\t\t\t\t<div class=\"elementor-element elementor-element-917fcba elementor-widget elementor-widget-heading\" data-id=\"917fcba\" data-element_type=\"widget\" data-widget_type=\"heading.default\">\n\t\t\t\t<div class=\"elementor-widget-container\">\n\t\t\t\t\t<h2 class=\"elementor-heading-title elementor-size-default\">Contact form<\/h2>\t\t\t\t<\/div>\n\t\t\t\t<\/div>\n\t\t\t\t<div class=\"elementor-element elementor-element-86470f6 elementor-widget elementor-widget-shortcode\" data-id=\"86470f6\" data-element_type=\"widget\" data-widget_type=\"shortcode.default\">\n\t\t\t\t<div class=\"elementor-widget-container\">\n\t\t\t\t\t\t\t<div class=\"elementor-shortcode\">\n<div class=\"wpcf7 no-js\" id=\"wpcf7-f7586-o1\" lang=\"fr-FR\" dir=\"ltr\" data-wpcf7-id=\"7586\">\n<div class=\"screen-reader-response\"><p role=\"status\" aria-live=\"polite\" aria-atomic=\"true\"><\/p> <ul><\/ul><\/div>\n<form action=\"\/en\/wp-json\/wp\/v2\/pages\/7587#wpcf7-f7586-o1\" method=\"post\" class=\"wpcf7-form init\" aria-label=\"Contact form\" novalidate=\"novalidate\" data-status=\"init\" data-trp-original-action=\"\/en\/wp-json\/wp\/v2\/pages\/7587#wpcf7-f7586-o1\">\n<fieldset class=\"hidden-fields-container\"><input type=\"hidden\" name=\"_wpcf7\" value=\"7586\" \/><input type=\"hidden\" name=\"_wpcf7_version\" value=\"6.1.4\" \/><input type=\"hidden\" name=\"_wpcf7_locale\" value=\"fr_FR\" \/><input type=\"hidden\" name=\"_wpcf7_unit_tag\" value=\"wpcf7-f7586-o1\" \/><input type=\"hidden\" name=\"_wpcf7_container_post\" value=\"0\" \/><input type=\"hidden\" name=\"_wpcf7_posted_data_hash\" value=\"\" \/>\n<\/fieldset>\n<p><label> Your first and last name<br \/>\n<span class=\"wpcf7-form-control-wrap\" data-name=\"your-name\"><input size=\"40\" maxlength=\"400\" class=\"wpcf7-form-control wpcf7-text wpcf7-validates-as-required\" autocomplete=\"name\" aria-required=\"true\" aria-invalid=\"false\" value=\"\" type=\"text\" name=\"your-name\" \/><\/span><br \/>\n<\/label><label> Your company<br \/>\n<span class=\"wpcf7-form-control-wrap\" data-name=\"your-company\"><input size=\"40\" maxlength=\"400\" class=\"wpcf7-form-control wpcf7-text wpcf7-validates-as-required\" autocomplete=\"company\" aria-required=\"true\" aria-invalid=\"false\" value=\"\" type=\"text\" name=\"your-company\" \/><\/span> <\/label>\n<\/p>\n<p><label> Your email<br \/>\n<span class=\"wpcf7-form-control-wrap\" data-name=\"your-email\"><input size=\"40\" maxlength=\"400\" class=\"wpcf7-form-control wpcf7-email wpcf7-validates-as-required wpcf7-text wpcf7-validates-as-email\" autocomplete=\"email\" aria-required=\"true\" aria-invalid=\"false\" value=\"\" type=\"email\" name=\"your-email\" \/><\/span> <\/label>\n<\/p>\n<p><label> Your phone<br \/>\n<span class=\"wpcf7-form-control-wrap\" data-name=\"tel-732\"><input size=\"40\" maxlength=\"400\" class=\"wpcf7-form-control wpcf7-tel wpcf7-validates-as-required wpcf7-text wpcf7-validates-as-tel\" aria-required=\"true\" aria-invalid=\"false\" value=\"\" type=\"tel\" name=\"tel-732\" \/><\/span> <\/label>\n<\/p>\n<p><label> Tell me about your project or request<br \/>\n<span class=\"wpcf7-form-control-wrap\" data-name=\"your-message\"><textarea cols=\"40\" rows=\"10\" maxlength=\"2000\" class=\"wpcf7-form-control wpcf7-textarea wpcf7-validates-as-required\" aria-required=\"true\" aria-invalid=\"false\" name=\"your-message\"><\/textarea><\/span> <\/label>\n<\/p>\n<p><input class=\"wpcf7-form-control wpcf7-submit has-spinner\" type=\"submit\" value=\"Send\" \/>\n<\/p><div class=\"wpcf7-response-output\" aria-hidden=\"true\"><\/div>\n<input type=\"hidden\" name=\"trp-form-language\" value=\"en\"\/><\/form>\n<\/div>\n<\/div>\n\t\t\t\t\t\t<\/div>\n\t\t\t\t<\/div>\n\t\t\t\t<\/div>\n\t\t<div class=\"elementor-element elementor-element-701130c e-con-full e-flex e-con e-child\" data-id=\"701130c\" data-element_type=\"container\">\n\t\t\t\t<div class=\"elementor-element elementor-element-5e86db5 elementor-widget elementor-widget-heading\" data-id=\"5e86db5\" data-element_type=\"widget\" data-widget_type=\"heading.default\">\n\t\t\t\t<div class=\"elementor-widget-container\">\n\t\t\t\t\t<h2 class=\"elementor-heading-title elementor-size-default\">Info contact<\/h2>\t\t\t\t<\/div>\n\t\t\t\t<\/div>\n\t\t\t\t<div class=\"elementor-element elementor-element-b5e0773 elementor-widget elementor-widget-icon-box\" data-id=\"b5e0773\" data-element_type=\"widget\" data-widget_type=\"icon-box.default\">\n\t\t\t\t<div class=\"elementor-widget-container\">\n\t\t\t\t\t\t\t<div class=\"elementor-icon-box-wrapper\">\n\n\t\t\t\n\t\t\t\t\t\t<div class=\"elementor-icon-box-content\">\n\n\t\t\t\t\t\t\t\t\t<h5 class=\"elementor-icon-box-title\">\n\t\t\t\t\t\t<span  >\n\t\t\t\t\t\t\tAddress\t\t\t\t\t\t<\/span>\n\t\t\t\t\t<\/h5>\n\t\t\t\t\n\t\t\t\t\t\t\t\t\t<p class=\"elementor-icon-box-description\">\n\t\t\t\t\t\t1, rue du chateau d'eau 31360 Roquefort sur Garonne\n\t\t\t\t\t<\/p>\n\t\t\t\t\n\t\t\t<\/div>\n\t\t\t\n\t\t<\/div>\n\t\t\t\t\t\t<\/div>\n\t\t\t\t<\/div>\n\t\t\t\t<div class=\"elementor-element elementor-element-6d531d1 elementor-widget elementor-widget-icon-box\" data-id=\"6d531d1\" data-element_type=\"widget\" data-widget_type=\"icon-box.default\">\n\t\t\t\t<div class=\"elementor-widget-container\">\n\t\t\t\t\t\t\t<div class=\"elementor-icon-box-wrapper\">\n\n\t\t\t\n\t\t\t\t\t\t<div class=\"elementor-icon-box-content\">\n\n\t\t\t\t\t\t\t\t\t<h5 class=\"elementor-icon-box-title\">\n\t\t\t\t\t\t<span  >\n\t\t\t\t\t\t\tPhone number\t\t\t\t\t\t<\/span>\n\t\t\t\t\t<\/h5>\n\t\t\t\t\n\t\t\t\t\t\t\t\t\t<p class=\"elementor-icon-box-description\">\n\t\t\t\t\t\t06 52 73 61 22\t\t\t\t\t<\/p>\n\t\t\t\t\n\t\t\t<\/div>\n\t\t\t\n\t\t<\/div>\n\t\t\t\t\t\t<\/div>\n\t\t\t\t<\/div>\n\t\t\t\t<div class=\"elementor-element elementor-element-50637d7 elementor-widget elementor-widget-icon-box\" data-id=\"50637d7\" data-element_type=\"widget\" data-widget_type=\"icon-box.default\">\n\t\t\t\t<div class=\"elementor-widget-container\">\n\t\t\t\t\t\t\t<div class=\"elementor-icon-box-wrapper\">\n\n\t\t\t\n\t\t\t\t\t\t<div class=\"elementor-icon-box-content\">\n\n\t\t\t\t\t\t\t\t\t<h5 class=\"elementor-icon-box-title\">\n\t\t\t\t\t\t<span  >\n\t\t\t\t\t\t\tEmail\t\t\t\t\t\t<\/span>\n\t\t\t\t\t<\/h5>\n\t\t\t\t\n\t\t\t\t\t\t\t\t\t<p class=\"elementor-icon-box-description\">\n\t\t\t\t\t\tcontact@manuelvz.com\u200b\t\t\t\t\t<\/p>\n\t\t\t\t\n\t\t\t<\/div>\n\t\t\t\n\t\t<\/div>\n\t\t\t\t\t\t<\/div>\n\t\t\t\t<\/div>\n\t\t\t\t<div class=\"elementor-element elementor-element-8394657 elementor-widget elementor-widget-heading\" data-id=\"8394657\" data-element_type=\"widget\" data-widget_type=\"heading.default\">\n\t\t\t\t<div class=\"elementor-widget-container\">\n\t\t\t\t\t<h5 class=\"elementor-heading-title elementor-size-default\">Follow me<\/h5>\t\t\t\t<\/div>\n\t\t\t\t<\/div>\n\t\t\t\t<div class=\"elementor-element elementor-element-d12cf67 elementor-shape-circle e-grid-align-left e-grid-align-mobile-left elementor-grid-mobile-3 elementor-grid-0 elementor-widget elementor-widget-social-icons\" data-id=\"d12cf67\" data-element_type=\"widget\" data-widget_type=\"social-icons.default\">\n\t\t\t\t<div class=\"elementor-widget-container\">\n\t\t\t\t\t\t\t<div class=\"elementor-social-icons-wrapper elementor-grid\">\n\t\t\t\t\t\t\t<span class=\"elementor-grid-item\">\n\t\t\t\t\t<a class=\"elementor-icon elementor-social-icon elementor-social-icon-linkedin elementor-repeater-item-dc8e749\" href=\"http:\/\/www.linkedin.com\/in\/manuel-velasquez-00042a280\" target=\"_blank\">\n\t\t\t\t\t\t<span class=\"elementor-screen-only\">Linkedin<\/span>\n\t\t\t\t\t\t<i aria-hidden=\"true\" class=\"fab fa-linkedin\"><\/i>\t\t\t\t\t<\/a>\n\t\t\t\t<\/span>\n\t\t\t\t\t<\/div>\n\t\t\t\t\t\t<\/div>\n\t\t\t\t<\/div>\n\t\t\t\t<\/div>\n\t\t\t\t\t<\/div>\n\t\t\t\t<\/div>\n\t\t\t\t<\/div>","protected":false},"excerpt":{"rendered":"<p>Contact Manuel VZ R\u00e9ponse garantie sous 3 jours Pr\u00eat \u00e0 donner vie \u00e0 vos projets avec des images qui refl\u00e8tent votre identit\u00e9 et subliment vos \u00e9v\u00e9nements ? Contactez-moi d\u00e8s maintenant via ce formulaire. Je m\u2019engage \u00e0 vous r\u00e9pondre sous 3 jours pour \u00e9changer sur vos besoins et vous proposer une solution 100 % personnalis\u00e9e. Ensemble, [&hellip;]<\/p>","protected":false},"author":1,"featured_media":0,"parent":0,"menu_order":0,"comment_status":"closed","ping_status":"closed","template":"","meta":{"_uag_custom_page_level_css":"","site-sidebar-layout":"no-sidebar","site-content-layout":"page-builder","ast-site-content-layout":"full-width-container","site-content-style":"default","site-sidebar-style":"default","ast-global-header-display":"","ast-banner-title-visibility":"","ast-main-header-display":"","ast-hfb-above-header-display":"","ast-hfb-below-header-display":"","ast-hfb-mobile-header-display":"","site-post-title":"disabled","ast-breadcrumbs-content":"","ast-featured-img":"disabled","footer-sml-layout":"","ast-disable-related-posts":"","theme-transparent-header-meta":"","adv-header-id-meta":"","stick-header-meta":"","header-above-stick-meta":"","header-main-stick-meta":"","header-below-stick-meta":"","astra-migrate-meta-layouts":"set","ast-page-background-enabled":"default","ast-page-background-meta":{"desktop":{"background-color":"","background-image":"","background-repeat":"repeat","background-position":"center center","background-size":"auto","background-attachment":"scroll","background-type":"","background-media":"","overlay-type":"","overlay-color":"","overlay-opacity":"","overlay-gradient":""},"tablet":{"background-color":"","background-image":"","background-repeat":"repeat","background-position":"center center","background-size":"auto","background-attachment":"scroll","background-type":"","background-media":"","overlay-type":"","overlay-color":"","overlay-opacity":"","overlay-gradient":""},"mobile":{"background-color":"","background-image":"","background-repeat":"repeat","background-position":"center center","background-size":"auto","background-attachment":"scroll","background-type":"","background-media":"","overlay-type":"","overlay-color":"","overlay-opacity":"","overlay-gradient":""}},"ast-content-background-meta":{"desktop":{"background-color":"var(--ast-global-color-5)","background-image":"","background-repeat":"repeat","background-position":"center center","background-size":"auto","background-attachment":"scroll","background-type":"","background-media":"","overlay-type":"","overlay-color":"","overlay-opacity":"","overlay-gradient":""},"tablet":{"background-color":"var(--ast-global-color-5)","background-image":"","background-repeat":"repeat","background-position":"center center","background-size":"auto","background-attachment":"scroll","background-type":"","background-media":"","overlay-type":"","overlay-color":"","overlay-opacity":"","overlay-gradient":""},"mobile":{"background-color":"var(--ast-global-color-5)","background-image":"","background-repeat":"repeat","background-position":"center center","background-size":"auto","background-attachment":"scroll","background-type":"","background-media":"","overlay-type":"","overlay-color":"","overlay-opacity":"","overlay-gradient":""}},"footnotes":""},"class_list":["post-7587","page","type-page","status-publish","hentry"],"yoast_head":"<!-- This site is optimized with the Yoast SEO plugin v26.8 - https:\/\/yoast.com\/product\/yoast-seo-wordpress\/ -->\n<title>contact Manuel VZ<\/title>\n<meta name=\"description\" content=\"Besoin d\u2019un photographe corporate \u00e0 Toulouse ? prenez Contact Manuel VZ pour des images sur-mesure qui renforcent votre marque.\" \/>\n<meta name=\"robots\" content=\"index, follow, max-snippet:-1, max-image-preview:large, max-video-preview:-1\" \/>\n<link rel=\"canonical\" href=\"https:\/\/www.manuelvzcorporate.com\/en\/contact-manuel-vz\/\" \/>\n<meta property=\"og:locale\" content=\"en_GB\" \/>\n<meta property=\"og:type\" content=\"article\" \/>\n<meta property=\"og:title\" content=\"contact Manuel VZ\" \/>\n<meta property=\"og:description\" content=\"Besoin d\u2019un photographe corporate \u00e0 Toulouse ? prenez Contact Manuel VZ pour des images sur-mesure qui renforcent votre marque.\" \/>\n<meta property=\"og:url\" content=\"https:\/\/www.manuelvzcorporate.com\/en\/contact-manuel-vz\/\" \/>\n<meta property=\"og:site_name\" content=\"Manuel VZ\" \/>\n<meta property=\"article:modified_time\" content=\"2025-08-27T09:06:56+00:00\" \/>\n<meta name=\"twitter:card\" content=\"summary_large_image\" \/>\n<meta name=\"twitter:label1\" content=\"Estimated reading time\" \/>\n\t<meta name=\"twitter:data1\" content=\"1 minute\" \/>\n<script type=\"application\/ld+json\" class=\"yoast-schema-graph\">{\"@context\":\"https:\/\/schema.org\",\"@graph\":[{\"@type\":\"WebPage\",\"@id\":\"https:\/\/www.manuelvzcorporate.com\/contact-manuel-vz\/\",\"url\":\"https:\/\/www.manuelvzcorporate.com\/contact-manuel-vz\/\",\"name\":\"contact Manuel VZ\",\"isPartOf\":{\"@id\":\"https:\/\/www.manuelvzcorporate.com\/#website\"},\"datePublished\":\"2025-08-26T08:26:55+00:00\",\"dateModified\":\"2025-08-27T09:06:56+00:00\",\"description\":\"Besoin d\u2019un photographe corporate \u00e0 Toulouse ? prenez Contact Manuel VZ pour des images sur-mesure qui renforcent votre marque.\",\"breadcrumb\":{\"@id\":\"https:\/\/www.manuelvzcorporate.com\/contact-manuel-vz\/#breadcrumb\"},\"inLanguage\":\"en-GB\",\"potentialAction\":[{\"@type\":\"ReadAction\",\"target\":[\"https:\/\/www.manuelvzcorporate.com\/contact-manuel-vz\/\"]}]},{\"@type\":\"BreadcrumbList\",\"@id\":\"https:\/\/www.manuelvzcorporate.com\/contact-manuel-vz\/#breadcrumb\",\"itemListElement\":[{\"@type\":\"ListItem\",\"position\":1,\"name\":\"Accueil\",\"item\":\"https:\/\/www.manuelvzcorporate.com\/\"},{\"@type\":\"ListItem\",\"position\":2,\"name\":\"Contact Manuel VZ\"}]},{\"@type\":\"WebSite\",\"@id\":\"https:\/\/www.manuelvzcorporate.com\/#website\",\"url\":\"https:\/\/www.manuelvzcorporate.com\/\",\"name\":\"Manuel VZ\",\"description\":\"Outdoor Sports Adventure Website\",\"publisher\":{\"@id\":\"https:\/\/www.manuelvzcorporate.com\/#organization\"},\"potentialAction\":[{\"@type\":\"SearchAction\",\"target\":{\"@type\":\"EntryPoint\",\"urlTemplate\":\"https:\/\/www.manuelvzcorporate.com\/?s={search_term_string}\"},\"query-input\":{\"@type\":\"PropertyValueSpecification\",\"valueRequired\":true,\"valueName\":\"search_term_string\"}}],\"inLanguage\":\"en-GB\"},{\"@type\":\"Organization\",\"@id\":\"https:\/\/www.manuelvzcorporate.com\/#organization\",\"name\":\"Manuel VZ\",\"url\":\"https:\/\/www.manuelvzcorporate.com\/\",\"logo\":{\"@type\":\"ImageObject\",\"inLanguage\":\"en-GB\",\"@id\":\"https:\/\/www.manuelvzcorporate.com\/#\/schema\/logo\/image\/\",\"url\":\"https:\/\/www.manuelvzcorporate.com\/wp-content\/uploads\/2025\/08\/VZ.png\",\"contentUrl\":\"https:\/\/www.manuelvzcorporate.com\/wp-content\/uploads\/2025\/08\/VZ.png\",\"width\":500,\"height\":500,\"caption\":\"Manuel VZ\"},\"image\":{\"@id\":\"https:\/\/www.manuelvzcorporate.com\/#\/schema\/logo\/image\/\"}}]}<\/script>\n<!-- \/ Yoast SEO plugin. -->","yoast_head_json":{"title":"contact Manuel VZ","description":"Besoin d\u2019un photographe corporate \u00e0 Toulouse ? prenez Contact Manuel VZ pour des images sur-mesure qui renforcent votre marque.","robots":{"index":"index","follow":"follow","max-snippet":"max-snippet:-1","max-image-preview":"max-image-preview:large","max-video-preview":"max-video-preview:-1"},"canonical":"https:\/\/www.manuelvzcorporate.com\/en\/contact-manuel-vz\/","og_locale":"en_GB","og_type":"article","og_title":"contact Manuel VZ","og_description":"Besoin d\u2019un photographe corporate \u00e0 Toulouse ? prenez Contact Manuel VZ pour des images sur-mesure qui renforcent votre marque.","og_url":"https:\/\/www.manuelvzcorporate.com\/en\/contact-manuel-vz\/","og_site_name":"Manuel VZ","article_modified_time":"2025-08-27T09:06:56+00:00","twitter_card":"summary_large_image","twitter_misc":{"Estimated reading time":"1 minute"},"schema":{"@context":"https:\/\/schema.org","@graph":[{"@type":"WebPage","@id":"https:\/\/www.manuelvzcorporate.com\/contact-manuel-vz\/","url":"https:\/\/www.manuelvzcorporate.com\/contact-manuel-vz\/","name":"contact Manuel VZ","isPartOf":{"@id":"https:\/\/www.manuelvzcorporate.com\/#website"},"datePublished":"2025-08-26T08:26:55+00:00","dateModified":"2025-08-27T09:06:56+00:00","description":"Besoin d\u2019un photographe corporate \u00e0 Toulouse ? prenez Contact Manuel VZ pour des images sur-mesure qui renforcent votre marque.","breadcrumb":{"@id":"https:\/\/www.manuelvzcorporate.com\/contact-manuel-vz\/#breadcrumb"},"inLanguage":"en-GB","potentialAction":[{"@type":"ReadAction","target":["https:\/\/www.manuelvzcorporate.com\/contact-manuel-vz\/"]}]},{"@type":"BreadcrumbList","@id":"https:\/\/www.manuelvzcorporate.com\/contact-manuel-vz\/#breadcrumb","itemListElement":[{"@type":"ListItem","position":1,"name":"Accueil","item":"https:\/\/www.manuelvzcorporate.com\/"},{"@type":"ListItem","position":2,"name":"Contact Manuel VZ"}]},{"@type":"WebSite","@id":"https:\/\/www.manuelvzcorporate.com\/#website","url":"https:\/\/www.manuelvzcorporate.com\/","name":"Manuel VZ","description":"Outdoor Sports Adventure Website","publisher":{"@id":"https:\/\/www.manuelvzcorporate.com\/#organization"},"potentialAction":[{"@type":"SearchAction","target":{"@type":"EntryPoint","urlTemplate":"https:\/\/www.manuelvzcorporate.com\/?s={search_term_string}"},"query-input":{"@type":"PropertyValueSpecification","valueRequired":true,"valueName":"search_term_string"}}],"inLanguage":"en-GB"},{"@type":"Organization","@id":"https:\/\/www.manuelvzcorporate.com\/#organization","name":"Manuel VZ","url":"https:\/\/www.manuelvzcorporate.com\/","logo":{"@type":"ImageObject","inLanguage":"en-GB","@id":"https:\/\/www.manuelvzcorporate.com\/#\/schema\/logo\/image\/","url":"https:\/\/www.manuelvzcorporate.com\/wp-content\/uploads\/2025\/08\/VZ.png","contentUrl":"https:\/\/www.manuelvzcorporate.com\/wp-content\/uploads\/2025\/08\/VZ.png","width":500,"height":500,"caption":"Manuel VZ"},"image":{"@id":"https:\/\/www.manuelvzcorporate.com\/#\/schema\/logo\/image\/"}}]}},"uagb_featured_image_src":{"full":false,"thumbnail":false,"medium":false,"medium_large":false,"large":false,"1536x1536":false,"2048x2048":false,"trp-custom-language-flag":false},"uagb_author_info":{"display_name":"Manuel VZ","author_link":"https:\/\/www.manuelvzcorporate.com\/en\/author\/lk71p\/"},"uagb_comment_info":0,"uagb_excerpt":"Contact Manuel VZ R\u00e9ponse garantie sous 3 jours Pr\u00eat \u00e0 donner vie \u00e0 vos projets avec des images qui refl\u00e8tent votre identit\u00e9 et subliment vos \u00e9v\u00e9nements ? Contactez-moi d\u00e8s maintenant via ce formulaire. Je m\u2019engage \u00e0 vous r\u00e9pondre sous 3 jours pour \u00e9changer sur vos besoins et vous proposer une solution 100 % personnalis\u00e9e. Ensemble,&hellip;","_links":{"self":[{"href":"https:\/\/www.manuelvzcorporate.com\/en\/wp-json\/wp\/v2\/pages\/7587","targetHints":{"allow":["GET"]}}],"collection":[{"href":"https:\/\/www.manuelvzcorporate.com\/en\/wp-json\/wp\/v2\/pages"}],"about":[{"href":"https:\/\/www.manuelvzcorporate.com\/en\/wp-json\/wp\/v2\/types\/page"}],"author":[{"embeddable":true,"href":"https:\/\/www.manuelvzcorporate.com\/en\/wp-json\/wp\/v2\/users\/1"}],"replies":[{"embeddable":true,"href":"https:\/\/www.manuelvzcorporate.com\/en\/wp-json\/wp\/v2\/comments?post=7587"}],"version-history":[{"count":42,"href":"https:\/\/www.manuelvzcorporate.com\/en\/wp-json\/wp\/v2\/pages\/7587\/revisions"}],"predecessor-version":[{"id":7785,"href":"https:\/\/www.manuelvzcorporate.com\/en\/wp-json\/wp\/v2\/pages\/7587\/revisions\/7785"}],"wp:attachment":[{"href":"https:\/\/www.manuelvzcorporate.com\/en\/wp-json\/wp\/v2\/media?parent=7587"}],"curies":[{"name":"wp","href":"https:\/\/api.w.org\/{rel}","templated":true}]}}